{"id":3,"date":"2022-09-02T14:09:15","date_gmt":"2022-09-02T14:09:15","guid":{"rendered":"https:\/\/bicomedical.mx\/?page_id=3"},"modified":"2026-02-09T19:21:35","modified_gmt":"2026-02-09T19:21:35","slug":"privacy-policy","status":"publish","type":"page","link":"https:\/\/bicomedical.mx\/?page_id=3","title":{"rendered":"Pol\u00edtica de privacidad"},"content":{"rendered":"\t\t<div data-elementor-type=\"wp-page\" data-elementor-id=\"3\" class=\"elementor elementor-3\">\n\t\t\t\t\t\t<section class=\"elementor-section elementor-top-section elementor-element elementor-element-4c4b822 elementor-section-boxed elementor-section-height-default elementor-section-height-default\" data-id=\"4c4b822\" data-element_type=\"section\" data-e-type=\"section\">\n\t\t\t\t\t\t<div class=\"elementor-container elementor-column-gap-default\">\n\t\t\t\t\t<div class=\"elementor-column elementor-col-100 elementor-top-column elementor-element elementor-element-3f1e0cd\" data-id=\"3f1e0cd\" data-element_type=\"column\" data-e-type=\"column\">\n\t\t\t<div class=\"elementor-widget-wrap elementor-element-populated\">\n\t\t\t\t\t\t<div class=\"elementor-element elementor-element-e91b74e elementor-widget elementor-widget-text-editor\" data-id=\"e91b74e\" data-element_type=\"widget\" data-e-type=\"widget\" data-widget_type=\"text-editor.default\">\n\t\t\t\t<div class=\"elementor-widget-container\">\n\t\t\t\t\t\t\t\t\t<p><b>AVISO DE PRIVACIDAD<\/b><\/p>\n<p>De conformidad con la&nbsp;<b>LEY FEDERAL DE PROTECCI\u00d3N DE DATOS PERSONALES EN POSESI\u00d3N DE PARTICULARES,&nbsp;<\/b>y al&nbsp;<b>cap\u00edtulo VI del t\u00edtulo V de las Pol\u00edticas Corporativas Responsables en Protecci\u00f3n de Datos, BICO MEDICAL, S.A.P.I. DE C.V., <\/b>pone a su disposici\u00f3n nuestro&nbsp;<b>AVISO DE PRIVACIDAD WEB,&nbsp;<\/b>con la finalidad de hacer de su conocimiento el tratamiento que daremos a sus datos personales, as\u00ed como los derechos que puede ejercer como titular de sus datos personales. Le solicitamos leer cuidadosamente, ya que la sala disposici\u00f3n del presente&nbsp;<b>AVISO DE PRIVACIDAD&nbsp;<\/b>sin que usted se oponga, otorga su consentimiento t\u00e1ctico para permitirnos tratar sus datos personales con base a lo establecido en el presente&nbsp;<b>AVISO DE PRIVACIDAD<\/b>:&nbsp;&nbsp;<\/p>\n<p><b>I.- RESPONSABLES DEL USO Y PROTECCI\u00d3N DE SUS DATOS:<\/b><\/p>\n<p><b>BICO MEDICAL, S.A.P.I. DE C.V. con domicilio en: ProtasioProtasio Tagle No. 28, Colonia San Miguel Chapultepec, C.P. 11850, Alcald\u00eda Miguel Hidalgo, en la Ciudad de M\u00e9xico, <\/b>en lo sucesivo; y como responsable del tratamiento de sus datos personales, hace de su conocimiento que todos sus datos personales son tratados de forma estrictamente confidencial por lo que, al proporcionarlos, tales como:<\/p>\n<p><b>II.- DATOS PERSONALES QUE PODEMOS OBTENER:<\/b><\/p>\n<ul>\n<li aria-level=\"1\"><b>Nombre.&nbsp;&nbsp;&nbsp;&nbsp;&nbsp;&nbsp;&nbsp;&nbsp;&nbsp;&nbsp;&nbsp;&nbsp;&nbsp;&nbsp;&nbsp;&nbsp;&nbsp;&nbsp;&nbsp;&nbsp;&nbsp;&nbsp;&nbsp;&nbsp;&nbsp;&nbsp;&nbsp;&nbsp;&nbsp;&nbsp;&nbsp;&nbsp;&nbsp;&nbsp;&nbsp;&nbsp;&nbsp;&nbsp;&nbsp;&nbsp;&nbsp;&nbsp;&nbsp;&nbsp;&nbsp;&nbsp;&nbsp;&nbsp;&nbsp;&nbsp;&nbsp;&nbsp;&nbsp;&nbsp;&nbsp;&nbsp;&nbsp;&nbsp;&nbsp;&nbsp;&nbsp;&nbsp;&nbsp;&nbsp;&nbsp;&nbsp;&nbsp;&nbsp;&nbsp;&nbsp;&nbsp;&nbsp;&nbsp;&nbsp;&nbsp;&nbsp;&nbsp;<\/b><\/li>\n<\/ul>\n<ul>\n<li aria-level=\"1\"><b>Domicilio.<\/b><\/li>\n<\/ul>\n<ul>\n<li aria-level=\"1\"><b>Registro Federal de Contribuyentes.<\/b><\/li>\n<\/ul>\n<ul>\n<li aria-level=\"1\"><b>Identificaciones.<\/b><\/li>\n<\/ul>\n<ul>\n<li aria-level=\"1\"><b>Cuentas y\/o perfiles en redes sociales.<\/b><\/li>\n<\/ul>\n<ul>\n<li aria-level=\"1\"><b>N\u00famero de Seguro Social.<\/b><\/li>\n<\/ul>\n<ul>\n<li aria-level=\"1\"><b>Comprobante de Domicilio.<\/b><\/li>\n<\/ul>\n<ul>\n<li aria-level=\"1\"><b>Sexo.<\/b><\/li>\n<\/ul>\n<ul>\n<li aria-level=\"1\"><b>Edad.<\/b><\/li>\n<\/ul>\n<ul>\n<li aria-level=\"1\"><b>AFORE.<\/b><\/li>\n<\/ul>\n<ul>\n<li aria-level=\"1\"><b>Estado Civil.<\/b><\/li>\n<\/ul>\n<ul>\n<li aria-level=\"1\"><b>Correo Electr\u00f3nico.<\/b><\/li>\n<\/ul>\n<ul>\n<li aria-level=\"1\"><b>Tel\u00e9fonos de Hogar, Oficina y\/o m\u00f3viles.<\/b><\/li>\n<\/ul>\n<ul>\n<li aria-level=\"1\"><b>CURP.<\/b><\/li>\n<\/ul>\n<ul>\n<li aria-level=\"1\"><b>Huella Dactilar.<\/b><\/li>\n<\/ul>\n<ul>\n<li aria-level=\"1\"><b>Profesi\u00f3n u Ocupaci\u00f3n.<\/b><\/li>\n<\/ul>\n<ul>\n<li aria-level=\"1\"><b>Firma.<\/b><\/li>\n<\/ul>\n<ul>\n<li aria-level=\"1\"><b><b>Tipo de sangre.<\/b><\/b>\n<p><\/p>\n<\/li>\n<\/ul>\n<p><b>III.- FINALIDADES DEL TRATAMIENTO DE SUS DATOS:<\/b><\/p>\n<p>Dar cumplimiento a obligaciones contra\u00eddas con nuestros clientes, empleados o proveedores: llevar a cabo los servicios relacionados con asesor\u00eda legal, mandato judicial, litigio, investigaci\u00f3n judicial te\u00f3rica o pr\u00e1ctica, administraci\u00f3n de inmuebles, administraci\u00f3n de condominios, adquisici\u00f3n, enajenaci\u00f3n o arrendamiento de inmuebles, asesor\u00eda contable o fiscal, contabilidad de personas f\u00edsicas o jur\u00eddicas, planeaci\u00f3n fiscal .<\/p>\n<ul>\n<li aria-level=\"1\">Informar sobre cambios en el servicio;<\/li>\n<li aria-level=\"1\">Evaluar la calidad del servicio;<\/li>\n<li aria-level=\"1\">Realizar estudios internos;<\/li>\n<li aria-level=\"1\">Emitir la facturaci\u00f3n correspondiente;<\/li>\n<li aria-level=\"1\">Dar seguimiento para brindar futuros servicios;<\/li>\n<li aria-level=\"1\">Atender requerimientos legales de autoridades competentes.<\/li>\n<\/ul>\n<p><b><br>IV.- FORMA EN QUE PODEMOS OBTENER SUS DATOS PERSONALES:<\/b><\/p>\n<p>Sus Datos Personales son recabados de forma directa al momento que usted visita nuestras sucursales, instalaciones u oficinas o cuando alguno de nuestros colaboradores recaba sus datos personales de manera f\u00edsica, al momento en que se comunica telef\u00f3nicamente o al momento que visita nuestro sitio web www.bicomedical.com.mx.<\/p>\n<p>Asimismo, podemos obtener sus datos personales indirectamente de otras fuentes permitidas por la ley, como directorios telef\u00f3nicos, electr\u00f3nicos, fuentes de acceso p\u00fablico&nbsp; o directorios laborales, o la de terceros con quien tengamos relaci\u00f3n jur\u00eddica y\/o comercial.<\/p>\n<p>En el caso de que hubi\u00e9ramos obtenidos sus datos personales indirectamente, estamos obligados a informarle sobre el presente&nbsp;<b>AVISO DE PRIVACIDAD&nbsp;<\/b>&nbsp;al momento en que le contactamos y\/o nos comuniquemos con usted, ya sea por medios electr\u00f3nicos , sonoros, f\u00edsicos o cualquier otra tecnolog\u00eda permitida por la ley.<\/p>\n<p><b>V.- HERRAMIENTAS DIGITALES PARA OBTENER SU INFORMACI\u00d3N:<\/b><\/p>\n<p>Le informamos que podemos utilizar herramientas digitales y tecnolog\u00eda de rastreo de internet, conocida como cookies y\/o web, para obtener su siguiente informaci\u00f3n:<\/p>\n<p><b>I.-<\/b>Navegador y sistema operativo.&nbsp;<b>II.-<\/b>P\u00e1ginas web que&nbsp;est\u00e1 visualizando.&nbsp;<b>III.-<\/b>Direcci\u00f3n de IP.&nbsp;<b>IV.-<\/b>Sistema operativo.&nbsp;<b>V.-<\/b>Tipo de navegador.&nbsp;<b>VI.-<\/b>Historial de los sitios web que ha visitado.<\/p>\n<p>Lo anterior con la finalidad de obtener datos estad\u00edsticos y realizar estudios internos, as\u00ed como los dem\u00e1s finalidades y tratamientos establecidos en el presente&nbsp;<b>AVISO DE PRIVACIDAD.<\/b><\/p>\n<p>Podr\u00e1 deshabilitados deber\u00e1 configurar sus preferencias de internet desde su \u201cconfiguraci\u00f3n\u201d \u201cBrowser\u201d&nbsp; o \u201cPanel de Control\u201d, en el panel de \u201cseguridad o privacidad\u201d, para bloquearlos, o puede configurar su navegador para advertirle antes de aceptar cookies, adem\u00e1s puede simplemente configurarla para rechazarlas, aunque usted no pueda tener acceso a todos los atributos de este sitio web si lo hace. En el bot\u00f3n de \u201cayuda\u201d de su navegador podr\u00e1 obtener mayor informaci\u00f3n.<\/p>\n<h2><b>VI.- NUESTRAS MEDIDAS DE SEGURIDAD:<\/b><\/h2>\n<p>Para prevenir la vulneraci\u00f3n, robo, extravi\u00f3, uso indebido o el acceso no autorizado a sus datos personales, y con el fin de asegurar que la informaci\u00f3n sea utilizada para los fines se\u00f1alados en este&nbsp;<b>AVISO DE PRIVACIDAD,&nbsp;<\/b>hemos establecido diversos procedimientos y&nbsp;<b>medidas de seguridad administrativas, f\u00edsicas y t\u00e9cnicas&nbsp;<\/b>con la finalidad de evitar el uso o divulgaci\u00f3n nos autorizados de sus datos, permiti\u00e9ndonos tratarlos debidamente.<\/p>\n<p><b>Datos en la nube:&nbsp;<\/b>le informamos que podemos utilizar servicio de archivo, resguardo y\/o respaldo de informaci\u00f3n a trav\u00e9s de servicios web de proveedores terceros con servidores en el extranjero por lo que dichos&nbsp; proveedores deben de contar con las medidas de seguridad e infraestructura suficientes para prevenir el uso indebido de sus datos personales.<\/p>\n<p>Podr\u00e1 limitar que sus datos personales no sean archivados en la nube a trav\u00e9s de los derechos&nbsp;&nbsp;<b>ARCO:&nbsp;<\/b>de&nbsp;<b>acceder, rectificar, cancelar u oponerse&nbsp;<\/b>al tratamiento que le damos a sus datos personales.<\/p>\n<p><b>DEFINICI\u00d3N DE DERECHOS A.R.C.O:<\/b><\/p>\n<p><b>ACCEDER.-&nbsp;<\/b>Obtener del responsable sus datos personales, as\u00ed como la informaci\u00f3n relativa a las condiciones y generalidades del tratamiento:<\/p>\n<p><b>RECTIFICAR.-&nbsp;<\/b>Rectificar sus datos personales que resulten inexactos o incompletos.<\/p>\n<p><b>CANCELAR.-&nbsp;<\/b>Cese del tratamiento de sus datos personales por parte del responsable a partir de un bloqueo de los mismos y su posterior supresi\u00f3n.<\/p>\n<p><b>OPOSICI\u00d3N.-&nbsp;<\/b>Elegir el cese al tratamiento total o parcial de sus datos personales.<\/p>\n<p><b>VIII.- TRANSFERENCIAS QUE PODEMOS HACER DE SUS DATOS, SI NO SE OPONE:<\/b><\/p>\n<p><b>(BICO MEDICAL, S.A.P.I., S.A. DE C.V.)<\/b>&nbsp; podr\u00e1 realizar la transferencia nacional de sus datos personales a sus filiales o subsidiarias que sean identificadas o asociadas a&nbsp;<b>(BICO MEDICAL, S.A.P.I. DE C.V.) <\/b>&nbsp;as\u00ed como con terceros proveedores de servicios con quienes tenga relaci\u00f3n jur\u00eddica o comercial.<\/p>\n<p>Los terceros receptores de datos personales, tienen las mismas obligaciones y\/o responsabilidades que&nbsp;<b>(BICO MEDICAL, S.A.P.I. DE C.V.) <\/b>de conformidad a lo establecido en el presente&nbsp;<b>AVISO DE PRIVACIDAD;&nbsp;<\/b>al momento que se hace entrega de sus datos personales a terceros, se les hace conocimiento de las finalidades a las que ha sujetado el tratamiento de sus datos personales, por lo que dichos terceros no podr\u00e1n uso distinto de sus datos personales a lo establecido en el presente&nbsp;<b>AVISO DE PRIVACIDAD,&nbsp;<\/b>salvo que le notifiquen sobre nuevas finalidades en el aviso de privacidad del tercero receptor.<\/p>\n<p>Si usted&nbsp;<b>NO&nbsp;<\/b>manifiesta su oposici\u00f3n&nbsp; para que sus datos personales sean transferidos, se entender\u00e1 que ha otorgado su consentimiento para ello.<\/p>\n<p><b>IX.- CAMBIOS EN EL AVISO DE PRIVACIDAD:<\/b><\/p>\n<p>Este aviso de privacidad podr\u00e1 ser modificado en cualquier momento por&nbsp;<b>BICO MEDICAL S.A.P.I. DE C.V., <\/b>siendo que dichas modificaciones ser\u00e1n notificadas en el presente&nbsp;<b>AVISO DE PRIVACIDAD.<\/b><\/p>\n<p><b>Fecha de \u00faltima actualizaci\u00f3n al presente aviso, 27 de julio de 2022.&nbsp;<\/b>Si considera que su Derecho de Protecci\u00f3n de Datos Personales ha sido lesionado o vulnerado por alguna conducta por nuestro personal o por respuestas, violando las disposiciones de la ley Federal de Protecci\u00f3n de Datos Personales en Posesi\u00f3n de Particulares podr\u00e1 interponer queja o denuncia ante el INAI, para mayor informaci\u00f3n visite:&nbsp;<a href=\"http:\/\/www.inai.org.mx\/\">www.inai.org.mx<\/a><\/p>\n<p><b>X.- POL\u00cdTICAS RESPONSABLES EN PROTECCI\u00d3N DE DATOS.<\/b><\/p>\n<p>La informaci\u00f3n que&nbsp;<b>BICO MEDICAL, S.A.P.I. DE C.V.&nbsp;<\/b>cuenta con Pol\u00edticas Responsables en el tratamiento de sus datos personales, adicionales a aquellas que nos obliga la Ley, dichas pol\u00edticas son Esquemas de autorregulaci\u00f3n Vinculante que est\u00e1n en proceso de Validaci\u00f3n ante el&nbsp;<b>Instituto Nacional de Acceso a la Informaci\u00f3n y Protecci\u00f3n de Datos.&nbsp;<\/b>Por ahora no contamos con un n\u00famero de registro ante el instituto, por lo que una vez validado, te lo informaremos por el presente medio.<\/p>\n<p>Asimismo, te recordamos que, en caso de no dar respuesta a tus solicitudes, o que la respuesta no te sea satisfactoria, puedes ejercer el&nbsp;<b>recurso de Queja<\/b>&nbsp;previsto en las Pol\u00edticas Responsables de Protecci\u00f3n de Datos en un t\u00e9rmino de 10 d\u00edas h\u00e1biles a partir de haber recibido respuesta o de que culminar\u00e1 el t\u00e9rmino para contestar la misma; es posible ejercerlo de manera opcional, sin que ello afecte o limite tu derecho para ejercer la protecci\u00f3n de derechos ante el INAI.<\/p>\n<p>Ejerce el recurso y conoce m\u00e1s sobre las Pol\u00edticas Corporativas Responsables en Protecci\u00f3n de datos en www.bicomedical.com.mx.<\/p>\t\t\t\t\t\t\t\t<\/div>\n\t\t\t\t<\/div>\n\t\t\t\t\t<\/div>\n\t\t<\/div>\n\t\t\t\t\t<\/div>\n\t\t<\/section>\n\t\t\t\t<\/div>\n\t\t","protected":false},"excerpt":{"rendered":"<p>AVISO DE PRIVACIDAD De conformidad con la&nbsp;LEY FEDERAL DE PROTECCI\u00d3N DE DATOS PERSONALES EN POSESI\u00d3N DE PARTICULARES,&nbsp;y al&nbsp;cap\u00edtulo VI del t\u00edtulo V de las Pol\u00edticas Corporativas Responsables en Protecci\u00f3n de Datos, BICO MEDICAL, S.A.P.I. DE C.V., pone a su disposici\u00f3n nuestro&nbsp;AVISO DE PRIVACIDAD WEB,&nbsp;con la finalidad de hacer de su conocimiento el tratamiento que daremos [&hellip;]<\/p>\n","protected":false},"author":1,"featured_media":0,"parent":0,"menu_order":0,"comment_status":"closed","ping_status":"closed","template":"","meta":{"footnotes":""},"class_list":["post-3","page","type-page","status-publish","hentry"],"_links":{"self":[{"href":"https:\/\/bicomedical.mx\/index.php?rest_route=\/wp\/v2\/pages\/3","targetHints":{"allow":["GET"]}}],"collection":[{"href":"https:\/\/bicomedical.mx\/index.php?rest_route=\/wp\/v2\/pages"}],"about":[{"href":"https:\/\/bicomedical.mx\/index.php?rest_route=\/wp\/v2\/types\/page"}],"author":[{"embeddable":true,"href":"https:\/\/bicomedical.mx\/index.php?rest_route=\/wp\/v2\/users\/1"}],"replies":[{"embeddable":true,"href":"https:\/\/bicomedical.mx\/index.php?rest_route=%2Fwp%2Fv2%2Fcomments&post=3"}],"version-history":[{"count":9,"href":"https:\/\/bicomedical.mx\/index.php?rest_route=\/wp\/v2\/pages\/3\/revisions"}],"predecessor-version":[{"id":403,"href":"https:\/\/bicomedical.mx\/index.php?rest_route=\/wp\/v2\/pages\/3\/revisions\/403"}],"wp:attachment":[{"href":"https:\/\/bicomedical.mx\/index.php?rest_route=%2Fwp%2Fv2%2Fmedia&parent=3"}],"curies":[{"name":"wp","href":"https:\/\/api.w.org\/{rel}","templated":true}]}}